{"id":1829,"date":"2021-06-25T09:54:04","date_gmt":"2021-06-25T07:54:04","guid":{"rendered":"https:\/\/www.pefc.ch\/?page_id=1829"},"modified":"2024-01-31T11:10:19","modified_gmt":"2024-01-31T10:10:19","slug":"pourquoi-choisir-pefc","status":"publish","type":"page","link":"https:\/\/www.pefc.ch\/fr\/pour-les-entreprises\/pourquoi-choisir-pefc\/","title":{"rendered":"Pourquoi choisir PEFC?"},"content":{"rendered":"\n<div style=\"height:70px\" aria-hidden=\"true\" class=\"wp-block-spacer\"><\/div>\n\n\n\n\n\n<div class=\"wp-block-columns is-layout-flex wp-container-core-columns-is-layout-9d6595d7 wp-block-columns-is-layout-flex\">\n<div class=\"wp-block-column is-layout-flow wp-block-column-is-layout-flow\" style=\"flex-basis:66.66%\"><\/div>\n\n\n\n<div class=\"wp-block-column is-layout-flow wp-block-column-is-layout-flow\" style=\"flex-basis:33.33%\"><\/div>\n<\/div>\n\n\n\n<div class=\"wp-block-columns is-layout-flex wp-container-core-columns-is-layout-9d6595d7 wp-block-columns-is-layout-flex\">\n<div class=\"wp-block-column is-layout-flow wp-block-column-is-layout-flow\" style=\"flex-basis:33.33%\"><\/div>\n\n\n\n<div class=\"wp-block-column is-layout-flow wp-block-column-is-layout-flow\" style=\"flex-basis:66.66%\"><\/div>\n<\/div>\n\n\n\n\n","protected":false},"excerpt":{"rendered":"<p>Die PEFC-Zertifizierung gibt jedem Unternehmen in der Produktkette Holz und Papier ein Instrument an die Hand, mit dem es sich als umweltbewusstes Unternehmen pr\u00e4sentieren und sein Engagement f\u00fcr eine nachhaltige Nutzung von nat\u00fcrlichen Ressourcen dokumentieren kann. <\/p>\n","protected":false},"author":1,"featured_media":0,"parent":1686,"menu_order":1,"comment_status":"closed","ping_status":"closed","template":"","meta":{"_eb_attr":"","inline_featured_image":false,"footnotes":"","_links_to":"","_links_to_target":""},"class_list":["post-1829","page","type-page","status-publish","hentry"],"aioseo_notices":[],"_links":{"self":[{"href":"https:\/\/www.pefc.ch\/fr\/wp-json\/wp\/v2\/pages\/1829","targetHints":{"allow":["GET"]}}],"collection":[{"href":"https:\/\/www.pefc.ch\/fr\/wp-json\/wp\/v2\/pages"}],"about":[{"href":"https:\/\/www.pefc.ch\/fr\/wp-json\/wp\/v2\/types\/page"}],"author":[{"embeddable":true,"href":"https:\/\/www.pefc.ch\/fr\/wp-json\/wp\/v2\/users\/1"}],"replies":[{"embeddable":true,"href":"https:\/\/www.pefc.ch\/fr\/wp-json\/wp\/v2\/comments?post=1829"}],"version-history":[{"count":3,"href":"https:\/\/www.pefc.ch\/fr\/wp-json\/wp\/v2\/pages\/1829\/revisions"}],"predecessor-version":[{"id":4598,"href":"https:\/\/www.pefc.ch\/fr\/wp-json\/wp\/v2\/pages\/1829\/revisions\/4598"}],"up":[{"embeddable":true,"href":"https:\/\/www.pefc.ch\/fr\/wp-json\/wp\/v2\/pages\/1686"}],"wp:attachment":[{"href":"https:\/\/www.pefc.ch\/fr\/wp-json\/wp\/v2\/media?parent=1829"}],"curies":[{"name":"wp","href":"https:\/\/api.w.org\/{rel}","templated":true}]}}