{"id":1868,"date":"2021-05-25T09:27:59","date_gmt":"2021-05-25T07:27:59","guid":{"rendered":"https:\/\/www.pefc.ch\/pour-les-entreprises\/kosten\/"},"modified":"2024-01-31T11:11:21","modified_gmt":"2024-01-31T10:11:21","slug":"kosten","status":"publish","type":"page","link":"https:\/\/www.pefc.ch\/fr\/pour-les-entreprises\/kosten\/","title":{"rendered":"Co\u00fbts"},"content":{"rendered":"\n<div class=\"wp-block-columns is-layout-flex wp-container-core-columns-is-layout-9d6595d7 wp-block-columns-is-layout-flex\">\n<div class=\"wp-block-column is-layout-flow wp-block-column-is-layout-flow\"><\/div>\n<\/div>\n\n\n\n<div class=\"wp-block-group\"><div class=\"wp-block-group__inner-container is-layout-flow wp-block-group-is-layout-flow\">\n<div class=\"wp-block-columns is-layout-flex wp-container-core-columns-is-layout-9d6595d7 wp-block-columns-is-layout-flex\">\n<div class=\"wp-block-column is-layout-flow wp-block-column-is-layout-flow\" style=\"flex-basis:60%\">\n<figure class=\"wp-block-table is-style-stripes\"><table><thead><tr><th class=\"has-text-align-left\" data-align=\"left\">Classe tarifaire en CHF<\/th><th class=\"has-text-align-left\" data-align=\"left\">PEFC <\/th><\/tr><\/thead><tbody><tr><td class=\"has-text-align-left\" data-align=\"left\">Chiffre d&rsquo;affaire jusqu&rsquo;\u00e0 5 Mio.<\/td><td class=\"has-text-align-left\" data-align=\"left\">150 CHF<\/td><\/tr><tr><td class=\"has-text-align-left\" data-align=\"left\">Chiffre d&rsquo;affaire de 5 \u00e0 10 Mio.<\/td><td class=\"has-text-align-left\" data-align=\"left\">500 CHF<\/td><\/tr><tr><td class=\"has-text-align-left\" data-align=\"left\">Chiffre d&rsquo;affaire de 10 \u00e0 30 Mio.<\/td><td class=\"has-text-align-left\" data-align=\"left\">1&rsquo;000 CHF<\/td><\/tr><tr><td class=\"has-text-align-left\" data-align=\"left\">Chiffre d&rsquo;affaire de 30 \u00e0 50 Mio.<\/td><td class=\"has-text-align-left\" data-align=\"left\">2&rsquo;000 CHF<\/td><\/tr><tr><td class=\"has-text-align-left\" data-align=\"left\">Ciffre d&rsquo;affaire &gt; 50 Mio.<\/td><td class=\"has-text-align-left\" data-align=\"left\">5&rsquo;000 CHF<\/td><\/tr><\/tbody><\/table><\/figure>\n<\/div>\n<\/div>\n<\/div><\/div>\n","protected":false},"excerpt":{"rendered":"<p>Der Preis der Chain-of-Custody-Zertifizierung ist \u2013 anders als die Kosten der Waldzertifizierung \u2013 nicht an Fl\u00e4chengr\u00f6ssen gebunden. Stattdessen ist er abh\u00e4ngig von den Kostens\u00e4tzen der einzelnen Zertifizierer.<\/p>\n","protected":false},"author":1,"featured_media":0,"parent":1686,"menu_order":3,"comment_status":"closed","ping_status":"closed","template":"","meta":{"_eb_attr":"","inline_featured_image":false,"footnotes":"","_links_to":"","_links_to_target":""},"class_list":["post-1868","page","type-page","status-publish","hentry"],"aioseo_notices":[],"_links":{"self":[{"href":"https:\/\/www.pefc.ch\/fr\/wp-json\/wp\/v2\/pages\/1868","targetHints":{"allow":["GET"]}}],"collection":[{"href":"https:\/\/www.pefc.ch\/fr\/wp-json\/wp\/v2\/pages"}],"about":[{"href":"https:\/\/www.pefc.ch\/fr\/wp-json\/wp\/v2\/types\/page"}],"author":[{"embeddable":true,"href":"https:\/\/www.pefc.ch\/fr\/wp-json\/wp\/v2\/users\/1"}],"replies":[{"embeddable":true,"href":"https:\/\/www.pefc.ch\/fr\/wp-json\/wp\/v2\/comments?post=1868"}],"version-history":[{"count":5,"href":"https:\/\/www.pefc.ch\/fr\/wp-json\/wp\/v2\/pages\/1868\/revisions"}],"predecessor-version":[{"id":2445,"href":"https:\/\/www.pefc.ch\/fr\/wp-json\/wp\/v2\/pages\/1868\/revisions\/2445"}],"up":[{"embeddable":true,"href":"https:\/\/www.pefc.ch\/fr\/wp-json\/wp\/v2\/pages\/1686"}],"wp:attachment":[{"href":"https:\/\/www.pefc.ch\/fr\/wp-json\/wp\/v2\/media?parent=1868"}],"curies":[{"name":"wp","href":"https:\/\/api.w.org\/{rel}","templated":true}]}}