{"id":2041,"date":"2021-05-31T20:35:31","date_gmt":"2021-05-31T18:35:31","guid":{"rendered":"https:\/\/www.pefc.ch\/?page_id=2041"},"modified":"2026-01-05T14:34:55","modified_gmt":"2026-01-05T13:34:55","slug":"organismes-de-certification","status":"publish","type":"page","link":"https:\/\/www.pefc.ch\/fr\/pour-les-entreprises\/organismes-de-certification\/","title":{"rendered":"Organismes de certification"},"content":{"rendered":"\n<figure class=\"wp-block-table alignleft is-style-stripes\"><table class=\"has-fixed-layout\"><thead><tr><th class=\"has-text-align-left\" data-align=\"left\">Certificateurs<\/th><th>L&rsquo; adresse<\/th><th class=\"has-text-align-left\" data-align=\"left\">Les coordonn\u00e9es<\/th><\/tr><\/thead><tbody><tr><td class=\"has-text-align-left\" data-align=\"left\">BM Certification Deutschland GmbH<br>Frau Barbara Dombos<\/td><td>Heilbronner Str. 150<br>D-70191 Stuttgart<\/td><td class=\"has-text-align-left\" data-align=\"left\">Tel.&nbsp;+49 (0) 711 490 042 58<br>info.de@bmcertification.com<br><a href=\"http:\/\/www.bmcertification.com\">www.bmcertification.com<\/a><\/td><\/tr><tr><td class=\"has-text-align-left\" data-align=\"left\">Control Union Certification B.V.<br>Herr Stefan Wutscher&nbsp;<\/td><td>P.O. Box 161<br>NL-8000 AD Zwolle<\/td><td class=\"has-text-align-left\" data-align=\"left\">Tel. +31 038 426 01 00&nbsp;<br>certification@controlunion.com<br><a href=\"http:\/\/www.controlunion.com\/\">www.controlunion.com<\/a><\/td><\/tr><tr><td class=\"has-text-align-left\" data-align=\"left\">CSI S.p.A<\/td><td>Viale Lombardia 20<br>IT-20021 Bollate Milano<\/td><td class=\"has-text-align-left\" data-align=\"left\">Tel. +39 02 383301&nbsp;<br>info@csi-spa.com<br><a href=\"http:\/\/www.csi-spa.com\" title=\"\">www.csi-spa.com<\/a><\/td><\/tr><tr><td class=\"has-text-align-left\" data-align=\"left\">CSQA Certficazioni Srl<\/td><td>Via San Gaetano 74<br>IT-36016 Thiene (VI)<\/td><td class=\"has-text-align-left\" data-align=\"left\">Tel.&nbsp;+39&nbsp;0445&nbsp;313011<br>csqa@csqa.it<br><a href=\"http:\/\/www.csqa.it\" title=\"\">www.csqa.it<\/a><\/td><\/tr><tr><td class=\"has-text-align-left\" data-align=\"left\">DIN CERTCO<br>Frau Berit Topolinski<\/td><td>Alboinstrasse 56<br>D-12103 Berlin<\/td><td class=\"has-text-align-left\" data-align=\"left\">Tel. +49 030 75621143<br>berit.topolinski@dincertco.de<br><a rel=\"noreferrer noopener\" href=\"https:\/\/pefc.ch\/de\/fur-unternehmen\/zertifizierer\/www.dincertco.de\" target=\"_blank\">www.dincertco.de<\/a><\/td><\/tr><tr><td class=\"has-text-align-left\" data-align=\"left\">Ecocert swiss AG<br>Herr Manuel Juds<\/td><td>Hafenstrasse 50c<br>CH-8280 Kreuzlingen<\/td><td class=\"has-text-align-left\" data-align=\"left\">Tel. +41 071 6260626<br>manuel.juds@ecocert.com<br><a href=\"http:\/\/www.ecocert-imo.ch\/\" target=\"_blank\" rel=\"noreferrer noopener\">www.ecocert-imo.ch<\/a><\/td><\/tr><tr><td class=\"has-text-align-left\" data-align=\"left\">FCBA<br>Frau Anne Frayer<\/td><td>Avenue de Saint-Mand\u00e8<br>F-75012 Paris<\/td><td class=\"has-text-align-left\" data-align=\"left\">Tel. +33 140194948<br>anne.frayer@fcba.fr<br><a rel=\"noreferrer noopener\" href=\"https:\/\/pefc.ch\/de\/fur-unternehmen\/zertifizierer\/www.fcba.fr\" target=\"_blank\">www.fcba.fr<\/a><\/td><\/tr><tr><td class=\"has-text-align-left\" data-align=\"left\">GFA Certification GmbH<\/td><td>Alter Teichweg 15<br>D-22081 Hamburg<\/td><td class=\"has-text-align-left\" data-align=\"left\">Tel. +49 4052474310<br>info@gfa-certi.com<br><a rel=\"noreferrer noopener\" href=\"https:\/\/pefc.ch\/de\/fur-unternehmen\/zertifizierer\/www.gfa-cert.com\" target=\"_blank\">www.gfa-cert.com<\/a><\/td><\/tr><tr><td class=\"has-text-align-left\" data-align=\"left\">Holzforschung Austria<br>Herr Martin Wolfsbauer<\/td><td>Franz Grill-Strasse 7<br>A-1030 Wien<\/td><td class=\"has-text-align-left\" data-align=\"left\">Tel. +43 1 798232382<br>&nbsp;m.wolfsbauer@holzforschung.at<br><a href=\"https:\/\/pefc.ch\/de\/fur-unternehmen\/zertifizierer\/www.holzforschung.at\" target=\"_blank\" rel=\"noreferrer noopener\">www.holzforschung.at<\/a><\/td><\/tr><tr><td class=\"has-text-align-left\" data-align=\"left\">Holz und Wald Zertifizierungsgesellschaft mbH (HW-Zert GmbH)<br>Herr Horst Glei\u00dfner&nbsp;<br>Herr&nbsp;Wilfried Stech<\/td><td>Gallersberg 10<br>D-85395 Attenkirchen<\/td><td class=\"has-text-align-left\" data-align=\"left\">Tel. +49 81689979915<br>info@hw-zert.de<br><a rel=\"noreferrer noopener\" href=\"https:\/\/pefc.ch\/de\/fur-unternehmen\/zertifizierer\/www.hw-zert.de\" target=\"_blank\">www.hw-zert.de<\/a><\/td><\/tr><tr><td class=\"has-text-align-left\" data-align=\"left\">Soil Association Certification Ltd.<br>Frau Becky Hanson<br><br><\/td><td>Spear House, 51 Victoria Street<br>BS1 6AD Bristol<br>United Kingdom<\/td><td class=\"has-text-align-left\" data-align=\"left\">Tel. +44 1173145000<br>forestry@soilassociation.org<br><a href=\"https:\/\/www.soilassociation.org\/\">www.soilassociation.org<\/a><\/td><\/tr><tr><td class=\"has-text-align-left\" data-align=\"left\"><strong>\u00a0<\/strong>SGS\u00a0Suisse SA\u00a0<br>Frau Litsa Bogaerts<\/td><td>Zugerstrasse 57<br>CH-6340 Baar<\/td><td class=\"has-text-align-left\" data-align=\"left\">Tel. +41 44 445 17 14<br>litsa.bogaerts@sgs.com<br><a href=\"https:\/\/pefc.ch\/de\/fur-unternehmen\/zertifizierer\/www.sgs.com\" target=\"_blank\" rel=\"noreferrer noopener\">www.sgs.com<\/a><\/td><\/tr><tr><td class=\"has-text-align-left\" data-align=\"left\">Schweiz. Vereinigung f\u00fcr Qualit\u00e4ts- und Managementsysteme (SQS)<br>Herr Felix Rinderle<\/td><td>Bernstrasse 103<br>CH-3052 Zollikofen<\/td><td class=\"has-text-align-left\" data-align=\"left\">Tel. +41 058 710 33 12<br>felix.rinderle@sqs.ch<br><a href=\"https:\/\/pefc.ch\/de\/fur-unternehmen\/zertifizierer\/www.sqs.ch\" target=\"_blank\" rel=\"noreferrer noopener\">www.sqs.ch<\/a><\/td><\/tr><tr><td class=\"has-text-align-left\" data-align=\"left\">SCS Global Services<br>Frau Pheline Wald<\/td><td>2000 Powell Street<br>US-94608 Emeryville, CA<\/td><td class=\"has-text-align-left\" data-align=\"left\">Tel. +49 93187095999<br>pwald@scsglobalservices.com<br><a href=\"https:\/\/fr.scsglobalservices.com\/services\/pefc-chain-of-custody\">Cha\u00eene de tra\u00e7abilit\u00e9 PEFC SCS Global Services<\/a><\/td><\/tr><tr><td class=\"has-text-align-left\" data-align=\"left\">Preferred&nbsp;by&nbsp;Nature<br>Herr Kutschke<\/td><td>M\u00fchlenstra\u00dfe 8a<br>D-14167 Berlin&nbsp;<\/td><td class=\"has-text-align-left\" data-align=\"left\">Tel. + 49 30 403674580<br>mkutschke@preferredbynature.org<br><a href=\"http:\/\/www.preferredbynature.org\/\">www.preferredbynature.org<\/a><\/td><\/tr><tr><td class=\"has-text-align-left\" data-align=\"left\">T\u00dcV Nord Cert GmbH<br>Herr Carsten Kahlert<\/td><td>Am T\u00dcV 1<br>D-30519 Hannover<\/td><td class=\"has-text-align-left\" data-align=\"left\">Tel. +49 51199862532<br>ckahlert@tuev-nord.de<br><a rel=\"noreferrer noopener\" href=\"https:\/\/pefc.ch\/de\/fur-unternehmen\/zertifizierer\/www.tuev-nord.de\" target=\"_blank\">www.tuev-nord.de<\/a><\/td><\/tr><tr><td class=\"has-text-align-left\" data-align=\"left\">T\u00dcV S\u00dcD Czech s.r.o<br>Herr Sebastian Hetsch<\/td><td>Ridlerstr. 65<br>D-80339 M\u00fcnchen&nbsp;<\/td><td class=\"has-text-align-left\" data-align=\"left\">Tel. +49 8950084637<br>sebastian.hetsch@tuev-sued.de<br><a rel=\"noreferrer noopener\" href=\"https:\/\/pefc.ch\/de\/fur-unternehmen\/zertifizierer\/www.tuev-sued.de\/management-systeme\/pefc\" target=\"_blank\">www.tuev-sued.de\/management-systeme\/pefc<\/a><\/td><\/tr><tr><td class=\"has-text-align-left\" data-align=\"left\">Wood.be<br>Frau Nathalie Fran\u00e7ois<br><br><\/td><td>Hof ter Vleestdreef 3<br>B-1070&nbsp;Brussel<\/td><td class=\"has-text-align-left\" data-align=\"left\">Tel. + 32 2 558 15 72<br>nathalie@wood.be<br><a href=\"https:\/\/www.wood.be\/\">www.wood.be<\/a><\/td><\/tr><\/tbody><\/table><\/figure>\n","protected":false},"excerpt":{"rendered":"<p>Certificateurs L&rsquo; adresse Les coordonn\u00e9es BM Certification Deutschland GmbHFrau Barbara Dombos Heilbronner Str. 150D-70191 Stuttgart Tel.&nbsp;+49 (0) 711 490 042 58info.de@bmcertification.comwww.bmcertification.com Control Union Certification B.V.Herr Stefan<span class=\"excerpt-hellip\"> [\u2026]<\/span><\/p>\n","protected":false},"author":1,"featured_media":0,"parent":1686,"menu_order":0,"comment_status":"closed","ping_status":"closed","template":"","meta":{"_eb_attr":"","inline_featured_image":false,"footnotes":"","_links_to":"","_links_to_target":""},"class_list":["post-2041","page","type-page","status-publish","hentry"],"aioseo_notices":[],"_links":{"self":[{"href":"https:\/\/www.pefc.ch\/fr\/wp-json\/wp\/v2\/pages\/2041","targetHints":{"allow":["GET"]}}],"collection":[{"href":"https:\/\/www.pefc.ch\/fr\/wp-json\/wp\/v2\/pages"}],"about":[{"href":"https:\/\/www.pefc.ch\/fr\/wp-json\/wp\/v2\/types\/page"}],"author":[{"embeddable":true,"href":"https:\/\/www.pefc.ch\/fr\/wp-json\/wp\/v2\/users\/1"}],"replies":[{"embeddable":true,"href":"https:\/\/www.pefc.ch\/fr\/wp-json\/wp\/v2\/comments?post=2041"}],"version-history":[{"count":18,"href":"https:\/\/www.pefc.ch\/fr\/wp-json\/wp\/v2\/pages\/2041\/revisions"}],"predecessor-version":[{"id":5050,"href":"https:\/\/www.pefc.ch\/fr\/wp-json\/wp\/v2\/pages\/2041\/revisions\/5050"}],"up":[{"embeddable":true,"href":"https:\/\/www.pefc.ch\/fr\/wp-json\/wp\/v2\/pages\/1686"}],"wp:attachment":[{"href":"https:\/\/www.pefc.ch\/fr\/wp-json\/wp\/v2\/media?parent=2041"}],"curies":[{"name":"wp","href":"https:\/\/api.w.org\/{rel}","templated":true}]}}